{"id":6,"date":"2026-04-07T16:54:25","date_gmt":"2026-04-07T16:54:25","guid":{"rendered":"https:\/\/ffpd.cl\/?page_id=6"},"modified":"2026-04-07T18:06:05","modified_gmt":"2026-04-07T18:06:05","slug":"inicio","status":"publish","type":"page","link":"https:\/\/ffpd.cl\/","title":{"rendered":"INICIO"},"content":{"rendered":"\n<p><strong>Organismo T\u00e9cnico de capacitaci\u00f3n Foundations For Personal Development. Ltda<\/strong><\/p>\n\n\n\n<p>\u00ab<em>Capacitamos personas para fortalecer organizaciones\u00bb.<\/em><\/p>\n\n\n\n<p class=\"has-text-align-center\">Capacitaci\u00f3n estrat\u00e9gica para el desarrollo de competencias, la calidad del servicio y el cumplimiento normativo<\/p>\n\n\n\n<ul class=\"wp-block-list\">\n<li>Cursos acreditados SENCE<\/li>\n\n\n\n<li>Capacitaci\u00f3n presencial, e-learning y mixta<\/li>\n\n\n\n<li>M\u00e1s de 15 a\u00f1os de experiencia<\/li>\n\n\n\n<li>Enfoque en resultados y mejora continua<\/li>\n<\/ul>\n\n\n\n<p class=\"has-text-align-center\">En Foundations For Personal Development Ltda. (FFPD Ltda.) somos un Organismo T\u00e9cnico de Capacitaci\u00f3n conformado por un equipo de profesionales multidisciplinarios, especializados en el dise\u00f1o e implementaci\u00f3n de programas de capacitaci\u00f3n orientados al desarrollo de competencias laborales para las organizaciones.<\/p>\n\n\n\n<p class=\"has-text-align-center\">Creemos firmemente que la capacitaci\u00f3n efectiva no solo fortalece a las personas, sino que impacta directamente en la productividad, la calidad del servicio, la seguridad y el cumplimiento normativo de las empresas.<\/p>\n\n\n\n<p class=\"has-text-align-center\">Contamos con m\u00e1s de 15 a\u00f1os de experiencia en capacitaci\u00f3n presencial y e-learning, y con m\u00e1s de 4.000 participantes acreditados, lo que respalda nuestro compromiso con una formaci\u00f3n pertinente y de calidad.En Foundations For Personal Development Ltda. (FFPD Ltda.) somos un Organismo T\u00e9cnico de Capacitaci\u00f3n conformado por un equipo de profesionales multidisciplinarios, especializados en el dise\u00f1o e implementaci\u00f3n de programas de capacitaci\u00f3n orientados al desarrollo de competencias laborales para las organizaciones.<\/p>\n\n\n\n<p class=\"has-text-align-center\">Nuestro Organismo T\u00e9cnico de Capacitaci\u00f3n FFPD.Ltda, se encuentra acreditando ante Sence mediante Resoluci\u00f3n N\u00b0 44315 desde el a\u00f1o&nbsp; 2011, lo que permite a las empresas acceder a capacitaci\u00f3n bajo el marco de la franquicia tributaria.<\/p>\n\n\n\n<p><\/p>\n","protected":false},"excerpt":{"rendered":"<p>Organismo T\u00e9cnico de capacitaci\u00f3n Foundations For Personal Development. Ltda \u00abCapacitamos personas para fortalecer organizaciones\u00bb. Capacitaci\u00f3n estrat\u00e9gica para el desarrollo de competencias, la calidad del servicio y el cumplimiento normativo En<\/p>\n<p><a href=\"https:\/\/ffpd.cl\/\" class=\"more-link\">Continue Reading<span class=\"screen-reader-text\">INICIO<\/span><\/a><\/p>\n","protected":false},"author":1,"featured_media":0,"parent":0,"menu_order":0,"comment_status":"closed","ping_status":"closed","template":"","meta":{"footnotes":""},"class_list":["post-6","page","type-page","status-publish","hentry"],"_links":{"self":[{"href":"https:\/\/ffpd.cl\/index.php\/wp-json\/wp\/v2\/pages\/6","targetHints":{"allow":["GET"]}}],"collection":[{"href":"https:\/\/ffpd.cl\/index.php\/wp-json\/wp\/v2\/pages"}],"about":[{"href":"https:\/\/ffpd.cl\/index.php\/wp-json\/wp\/v2\/types\/page"}],"author":[{"embeddable":true,"href":"https:\/\/ffpd.cl\/index.php\/wp-json\/wp\/v2\/users\/1"}],"replies":[{"embeddable":true,"href":"https:\/\/ffpd.cl\/index.php\/wp-json\/wp\/v2\/comments?post=6"}],"version-history":[{"count":6,"href":"https:\/\/ffpd.cl\/index.php\/wp-json\/wp\/v2\/pages\/6\/revisions"}],"predecessor-version":[{"id":44,"href":"https:\/\/ffpd.cl\/index.php\/wp-json\/wp\/v2\/pages\/6\/revisions\/44"}],"wp:attachment":[{"href":"https:\/\/ffpd.cl\/index.php\/wp-json\/wp\/v2\/media?parent=6"}],"curies":[{"name":"wp","href":"https:\/\/api.w.org\/{rel}","templated":true}]}}