{"id":12,"date":"2026-04-07T16:57:10","date_gmt":"2026-04-07T16:57:10","guid":{"rendered":"https:\/\/ffpd.cl\/?page_id=12"},"modified":"2026-04-07T17:18:51","modified_gmt":"2026-04-07T17:18:51","slug":"contacto","status":"publish","type":"page","link":"https:\/\/ffpd.cl\/index.php\/contacto\/","title":{"rendered":"CONTACTO"},"content":{"rendered":"\n<p><strong>DATOS DE CONTACTO<\/strong><\/p>\n\n\n\n<p>Hablemos sobre las necesidades de capacitaci\u00f3n de su organizaci\u00f3n<\/p>\n\n\n\n<ul class=\"wp-block-list\">\n<li>Correo electr\u00f3nico: aulavirtual@ffpd.cl<\/li>\n\n\n\n<li>Tel\u00e9fonos de contacto:<\/li>\n<\/ul>\n\n\n\n<p>Tel\u00e9fono fijo: 225679758<\/p>\n\n\n\n<p>Tel\u00e9fono celular: 56991586074<\/p>\n\n\n\n<ul class=\"wp-block-list\">\n<li>Direcci\u00f3n: <\/li>\n\n\n\n<li>Los militares N\u00b05620 oficina 1103. Las Condes Santiago<\/li>\n\n\n\n<li>Formulario de contacto:\u00a0 <\/li>\n\n\n\n<li>Complete el formulario y un asesor se comunicar\u00e1 con usted para evaluar sus requerimientos de capacitaci\u00f3n.<\/li>\n<\/ul>\n\n\n\n<p><\/p>\n","protected":false},"excerpt":{"rendered":"<p>DATOS DE CONTACTO Hablemos sobre las necesidades de capacitaci\u00f3n de su organizaci\u00f3n Tel\u00e9fono fijo: 225679758 Tel\u00e9fono celular: 56991586074<\/p>\n","protected":false},"author":1,"featured_media":0,"parent":0,"menu_order":0,"comment_status":"closed","ping_status":"closed","template":"","meta":{"footnotes":""},"class_list":["post-12","page","type-page","status-publish","hentry"],"_links":{"self":[{"href":"https:\/\/ffpd.cl\/index.php\/wp-json\/wp\/v2\/pages\/12","targetHints":{"allow":["GET"]}}],"collection":[{"href":"https:\/\/ffpd.cl\/index.php\/wp-json\/wp\/v2\/pages"}],"about":[{"href":"https:\/\/ffpd.cl\/index.php\/wp-json\/wp\/v2\/types\/page"}],"author":[{"embeddable":true,"href":"https:\/\/ffpd.cl\/index.php\/wp-json\/wp\/v2\/users\/1"}],"replies":[{"embeddable":true,"href":"https:\/\/ffpd.cl\/index.php\/wp-json\/wp\/v2\/comments?post=12"}],"version-history":[{"count":2,"href":"https:\/\/ffpd.cl\/index.php\/wp-json\/wp\/v2\/pages\/12\/revisions"}],"predecessor-version":[{"id":31,"href":"https:\/\/ffpd.cl\/index.php\/wp-json\/wp\/v2\/pages\/12\/revisions\/31"}],"wp:attachment":[{"href":"https:\/\/ffpd.cl\/index.php\/wp-json\/wp\/v2\/media?parent=12"}],"curies":[{"name":"wp","href":"https:\/\/api.w.org\/{rel}","templated":true}]}}