{"id":10,"date":"2026-04-07T16:56:12","date_gmt":"2026-04-07T16:56:12","guid":{"rendered":"https:\/\/ffpd.cl\/?page_id=10"},"modified":"2026-04-07T17:47:47","modified_gmt":"2026-04-07T17:47:47","slug":"servicios","status":"publish","type":"page","link":"https:\/\/ffpd.cl\/index.php\/servicios\/","title":{"rendered":"SERVICIOS"},"content":{"rendered":"\n<p><\/p>\n\n\n\n<p>Nuestros programas est\u00e1n especialmente dise\u00f1ados para instituciones de salud, organizaciones de servicios y empresas que buscan fortalecer la calidad, seguridad y desempe\u00f1o de sus equipos de trabajo.<\/p>\n\n\n\n<p>Los siguientes cursos corresponden a programas de referencia, los cuales pueden ser dise\u00f1ados, ajustados o desarrollados a solicitud, seg\u00fan las necesidades espec\u00edficas de cada organizaci\u00f3n, sus procesos y su equipo de trabajo.<\/p>\n\n\n\n<p class=\"has-medium-font-size\"><strong>Nuestros cursos<\/strong><\/p>\n\n\n\n<ul class=\"wp-block-list\">\n<li>Experiencia del paciente, una atenci\u00f3n humanizada y segura<\/li>\n\n\n\n<li>Prevenci\u00f3n y control de IAAS<\/li>\n\n\n\n<li>T\u00e9cnicas de reanimaci\u00f3n cardiopulmonar y uso de desfibrilador<\/li>\n\n\n\n<li>Procedimientos y t\u00e9cnicas para la reanimaci\u00f3n neonatal<\/li>\n\n\n\n<li>Principios y fundamentos para una vacunaci\u00f3n segura<\/li>\n\n\n\n<li>Manejo seguro de citost\u00e1ticos<\/li>\n\n\n\n<li>Principios y fundamentos para la asistencia en anestesia<\/li>\n\n\n\n<li>Principios y fundamentos de pabellones quir\u00fargicos (pabelloneo)<\/li>\n\n\n\n<li>T\u00e9cnicas de instrumentaci\u00f3n quir\u00fargica<\/li>\n\n\n\n<li>T\u00e9cnicas de asistencia y operaci\u00f3n en farmacias<\/li>\n\n\n\n<li>Uso de indicadores para la gesti\u00f3n de calidad<\/li>\n\n\n\n<li>Primeros auxilios y manejo de parto de emergencia<\/li>\n<\/ul>\n\n\n\n<p><\/p>\n\n\n\n<p class=\"has-medium-font-size\"><strong>\u00bf Qui\u00e9n nos acredita?<\/strong><\/p>\n\n\n\n<p>Nuestro Organismo T\u00e9cnico de Capacitaci\u00f3n FFPD.Ltda, se encuentra acreditando ante Sence mediante Resoluci\u00f3n N\u00b0 44315 desde el a\u00f1o&nbsp; 2011, lo que permite a las empresas acceder a capacitaci\u00f3n bajo el marco de la franquicia tributaria.<\/p>\n\n\n\n<p>Nuestros servicios de capacitaci\u00f3n cuentan con un Sistema de Gesti\u00f3n de Calidad certificado &nbsp;&nbsp;de acuerdo con la Norma Chilena NCH 2728:2015, otorgado por certificadora Certhia Limitada, garantizando procesos estandarizados, controlados y orientados a la mejora continua.<\/p>\n","protected":false},"excerpt":{"rendered":"<p>Nuestros programas est\u00e1n especialmente dise\u00f1ados para instituciones de salud, organizaciones de servicios y empresas que buscan fortalecer la calidad, seguridad y desempe\u00f1o de sus equipos de trabajo. Los siguientes cursos<\/p>\n<p><a href=\"https:\/\/ffpd.cl\/index.php\/servicios\/\" class=\"more-link\">Continue Reading<span class=\"screen-reader-text\">SERVICIOS<\/span><\/a><\/p>\n","protected":false},"author":1,"featured_media":0,"parent":0,"menu_order":0,"comment_status":"closed","ping_status":"closed","template":"","meta":{"footnotes":""},"class_list":["post-10","page","type-page","status-publish","hentry"],"_links":{"self":[{"href":"https:\/\/ffpd.cl\/index.php\/wp-json\/wp\/v2\/pages\/10","targetHints":{"allow":["GET"]}}],"collection":[{"href":"https:\/\/ffpd.cl\/index.php\/wp-json\/wp\/v2\/pages"}],"about":[{"href":"https:\/\/ffpd.cl\/index.php\/wp-json\/wp\/v2\/types\/page"}],"author":[{"embeddable":true,"href":"https:\/\/ffpd.cl\/index.php\/wp-json\/wp\/v2\/users\/1"}],"replies":[{"embeddable":true,"href":"https:\/\/ffpd.cl\/index.php\/wp-json\/wp\/v2\/comments?post=10"}],"version-history":[{"count":4,"href":"https:\/\/ffpd.cl\/index.php\/wp-json\/wp\/v2\/pages\/10\/revisions"}],"predecessor-version":[{"id":39,"href":"https:\/\/ffpd.cl\/index.php\/wp-json\/wp\/v2\/pages\/10\/revisions\/39"}],"wp:attachment":[{"href":"https:\/\/ffpd.cl\/index.php\/wp-json\/wp\/v2\/media?parent=10"}],"curies":[{"name":"wp","href":"https:\/\/api.w.org\/{rel}","templated":true}]}}